{"id":245,"date":"2014-11-05T21:30:44","date_gmt":"2014-11-05T21:30:44","guid":{"rendered":"http:\/\/themedemos.webmandesign.eu\/modern\/?page_id=2"},"modified":"2024-11-07T22:44:42","modified_gmt":"2024-11-07T20:44:42","slug":"sample-page-2","status":"publish","type":"page","link":"https:\/\/www.bistrovenla.com\/","title":{"rendered":"venla"},"content":{"rendered":"\n\n\t<p><img loading=\"lazy\" decoding=\"async\" src=\"https:\/\/www.bistrovenla.com\/wp-content\/uploads\/2018\/05\/venla_logo.png\" alt=\"\" width=\"269\" height=\"59\" \/><\/p>\n<blockquote>\n<p>Maalaisromanttinen Bistro Venla palvelee sinua uudistetuissa ja laajennetuissa tiloissa aidolla ja iloisella asiakaspalvelulla. Meilt\u00e4 saat runsaat ja monipuoliset salaattiannokset, laadukkaat viinit ja herkulliset j\u00e4lkiruoat. K\u00e4yt\u00f6ss\u00e4 on my\u00f6s ymp\u00e4rivuoden katettu iso pihaterassi. Tervetuloa nauttimaan kauppakatu kuuteen.<\/p>\n<\/blockquote>\n\t<blockquote>\n<p>Tirkkosen Talo &#8211; Bistro Venlan koti<\/p>\n<p>Kaupunginosa II, kortteli 10, tontti 13<\/p>\n<\/blockquote>\n\t\t\t\t<img decoding=\"async\" src=\"https:\/\/www.bistrovenla.com\/wp-content\/uploads\/2019\/09\/ArchivedObject-2FC2C25B-7066-3D53-22C5-5242E7E765B9.jpg\" alt=\"Kuvaaja: E.M Staf\nTampereen museot\" itemprop=\"image\" title=\"ArchivedObject-2FC2C25B-7066-3D53-22C5-5242E7E765B9\" onerror=\"this.style.display='none'\"  \/>\n\t\t\t\t<img decoding=\"async\" src=\"https:\/\/www.bistrovenla.com\/wp-content\/uploads\/2019\/09\/tirkkala.png\" alt=\"Rakennushistoriaselvitys \/ Aihio Arkkitehdit Oy\" itemprop=\"image\" title=\"tirkkala\" onerror=\"this.style.display='none'\"  \/>\n\t\t\t\t<img decoding=\"async\" src=\"https:\/\/www.bistrovenla.com\/wp-content\/uploads\/2019\/09\/tirkkal1.jpg\" alt=\"Keva toimitilat\" itemprop=\"image\" title=\"tirkkal1\" onerror=\"this.style.display='none'\"  \/>\n\t<p>Bistro Venla sijaitsee Tampereella Tirkkosen talossa, joka rakennushistoriallisen arvonsa vuoksi suojeltu vuonna 1975.\u00a0Kauppakatu oli Tirkkosen rakentamisen aikaan kaupungin p\u00e4\u00e4katu, pankki- ja liikerakennuksineen. Tirkkosen talo liittyy kiinte\u00e4sti Keskustorin jugend-milj\u00f6\u00f6seen.<\/p>\n<p>Rakennuksen suunnittelusta vuonna 1898 vastasivat arkkitehdit Lars Sonck ja\u00a0 Birger Federley. Rakennuttajana toimi kauppaneuvos Nikolai Tirkkonen ja se valmistui 1900-1901. Rakennustyylilt\u00e4\u00e4n Tirkkosen talo edustaa varhaista Eurooppalaista jugend -tyyli\u00e4. Rakennuksen alkuper\u00e4inen, Kauppakadun puolinen julkisivu on s\u00e4ilynyt l\u00e4hes alkuper\u00e4isen\u00e4 t\u00e4h\u00e4n p\u00e4iv\u00e4\u00e4n asti, mm. rakennuksen puuikkunat ovat alkuper\u00e4iset.<\/p>\n<p>Tirkkosen talo rakennettiin toiminimi J.Tirkkosen laajenevaa liiketoimintaa varten, rakennuksen alkuper\u00e4inen k\u00e4ytt\u00f6tarkoitus oli asuin- ja liikerakennus. Katutason tilat toimivat liikehuoneistoina, toisessa kerroksessa sijaitsi vuokrattavia toimistohuoneistoja ja ylemm\u00e4ss\u00e4, my\u00f6hemmin valmistuneessa 3. kerroksessa asuintiloja. J.Tirkkosen kangas-, lanka- ja muotitavaraliike avattiin 23. hein\u00e4kuuta, vuonna 1900. Lis\u00e4ksi rakennuksessa toimi Maria Tirkkosen lankakauppa, sek\u00e4 muutama pienempi\u00e4 vuokramyym\u00e4l\u00f6it\u00e4. Tirkkosen liikkeen erikoisuutena oli nk. valmiusosastot, joista t\u00e4rkeimpi\u00e4 olivat sairaalaosasto ja naistenvaateneulomo.<\/p>\n<p>Vuonna 1905 rakennus laajennettiin Kuninkaankadun puolelle sijoittuvalla lis\u00e4siivell\u00e4, joka sis\u00e4lsi liike-, toimisto ja asuintiloja.<\/p>\n<p>Rakennuksen erikoisuutena oli Suomen ja pohjoismaiden ensimm\u00e4inen paineilmalla toiminut Lamsonin putkipostij\u00e4rjestelm\u00e4, joka kuljetti rahat sylinetrin muotoisessa rasiassa 13. osastolta p\u00e4\u00e4kassaan, josta loppurahat, sek\u00e4 kuitti palautuivat l\u00e4heteasemalle. Putkipostij\u00e4rjestelm\u00e4n kupariset putket ovat viel\u00e4kin rakennuksen liiketiloissa osittain n\u00e4kyvill\u00e4.<\/p>\n<p>Tirkkosen liike toimi rakennuksessa 1980 luvulle asti.<\/p>\n<p>Vuonna 1984 Tirkkosen talo peruskorjattiin, jolloin alkuper\u00e4isen, sek\u00e4 laajennososan julkisivut kunnostettiin entist\u00e4en. T\u00e4ll\u00f6in Julkisivuihin, ikkunapuitteisiin, kattopeltiin ja kipsikoristeiden taustaan palautettiin alkuper\u00e4inen v\u00e4ritys. Muut v\u00e4rit vastaavat aikakauden v\u00e4rityst\u00e4. Perusparannusty\u00f6n yhteydess\u00e4 laajennusosan jatkoksi suunniteltiin uusi viisikerroksinen liike- ja toimistorakennus. Tirkkosen talon ja uudisrakennuksen v\u00e4liin rakennettiin kahden kerroksen korkuinen, lasilla katettu valopiha ja pihakannen alle autohalli. Nyky\u00e4\u00e4n valopihalla toimii Bistro Venlan sis\u00e4pihaterassi.<\/p>\n<p>Nykymuotoinen Bistro Venla laajennoksineen on palvellut asiakkaitaan Tirkkosen talossa vuodesta 2012. Tervetuloa rakennushistorialliseen kulttuuriymp\u00e4rist\u00f6\u00f6n nauttimaan talon tunnelmasta kanssamme.<\/p>\n\n","protected":false},"excerpt":{"rendered":"<div class=\"entry-summary\">\n<div class=\"entry-summary\">\nMaalaisromanttinen Bistro Venla palvelee sinua uudistetuissa ja laajennetuissa tiloissa aidolla ja iloisella&hellip;\n<\/div>\n<div class=\"link-more\"><a href=\"https:\/\/www.bistrovenla.com\/\" class=\"more-link\">Continue reading<span class=\"screen-reader-text\"> &ldquo;venla&rdquo;<\/span>&hellip;<\/a><\/div>\n<\/div>\n<div class=\"link-more\"><a href=\"https:\/\/www.bistrovenla.com\/\" class=\"more-link\">Continue reading<span class=\"screen-reader-text\"> &ldquo;venla&rdquo;<\/span>&hellip;<\/a><\/div>\n","protected":false},"author":1,"featured_media":0,"parent":0,"menu_order":6,"comment_status":"closed","ping_status":"closed","template":"page-template\/_fullwidth.php","meta":{"_acf_changed":false,"ngg_post_thumbnail":0,"footnotes":""},"class_list":["post-245","page","type-page","status-publish","hentry","entry"],"acf":[],"jetpack_sharing_enabled":true,"_links":{"self":[{"href":"https:\/\/www.bistrovenla.com\/index.php?rest_route=\/wp\/v2\/pages\/245","targetHints":{"allow":["GET"]}}],"collection":[{"href":"https:\/\/www.bistrovenla.com\/index.php?rest_route=\/wp\/v2\/pages"}],"about":[{"href":"https:\/\/www.bistrovenla.com\/index.php?rest_route=\/wp\/v2\/types\/page"}],"author":[{"embeddable":true,"href":"https:\/\/www.bistrovenla.com\/index.php?rest_route=\/wp\/v2\/users\/1"}],"replies":[{"embeddable":true,"href":"https:\/\/www.bistrovenla.com\/index.php?rest_route=%2Fwp%2Fv2%2Fcomments&post=245"}],"version-history":[{"count":29,"href":"https:\/\/www.bistrovenla.com\/index.php?rest_route=\/wp\/v2\/pages\/245\/revisions"}],"predecessor-version":[{"id":19911,"href":"https:\/\/www.bistrovenla.com\/index.php?rest_route=\/wp\/v2\/pages\/245\/revisions\/19911"}],"wp:attachment":[{"href":"https:\/\/www.bistrovenla.com\/index.php?rest_route=%2Fwp%2Fv2%2Fmedia&parent=245"}],"curies":[{"name":"wp","href":"https:\/\/api.w.org\/{rel}","templated":true}]}}